{"id":99,"date":"2021-05-15T11:58:37","date_gmt":"2021-05-15T09:58:37","guid":{"rendered":"http:\/\/suzanajami.com\/?page_id=99"},"modified":"2023-05-06T06:42:20","modified_gmt":"2023-05-06T04:42:20","slug":"impressum","status":"publish","type":"page","link":"http:\/\/suzanajami.com\/?page_id=99","title":{"rendered":"Impressum"},"content":{"rendered":"\t\t<div data-elementor-type=\"wp-page\" data-elementor-id=\"99\" class=\"elementor elementor-99\" data-elementor-settings=\"[]\">\n\t\t\t\t\t\t\t<div class=\"elementor-section-wrap\">\n\t\t\t\t\t\t\t<section class=\"elementor-section elementor-top-section elementor-element elementor-element-3cf36fd elementor-section-boxed elementor-section-height-default elementor-section-height-default\" data-id=\"3cf36fd\" data-element_type=\"section\">\n\t\t\t\t\t\t<div class=\"elementor-container elementor-column-gap-default\">\n\t\t\t\t\t<div class=\"elementor-column elementor-col-100 elementor-top-column elementor-element elementor-element-50054c76\" data-id=\"50054c76\" data-element_type=\"column\">\n\t\t\t<div class=\"elementor-widget-wrap elementor-element-populated\">\n\t\t\t\t\t\t\t\t<div class=\"elementor-element elementor-element-7be243bb elementor-widget elementor-widget-text-editor\" data-id=\"7be243bb\" data-element_type=\"widget\" data-widget_type=\"text-editor.default\">\n\t\t\t\t<div class=\"elementor-widget-container\">\n\t\t\t\t\t\t\t\t<!-- wp:list -->\n<p><strong>Impressum<\/strong><\/p>\n<p><strong>Angaben gem\u00e4\u00df \u00a7 5 TMG (Telemediengesetz)<\/strong><\/p>\n<p>Diese Seiten sind erstellt worden von:<\/p>\n<p>Rechtsanw\u00e4ltin Suzan Ajami<br \/>Eschersheimer Landstra\u00dfe 60-62<br \/><span class=\"fMYBhe\">60322 Frankfurt am Main<br \/><\/span>Tel.: +49 (0) 69 &#8211; 247 439 990<br \/>Fax.: +49 (0) 69 &#8211; 247 439 999<\/p>\n<p>Die Berufsbezeichnung &#8222;Rechtsanw\u00e4ltin&#8220; wurde in Deutschland verliehen.<\/p>\n<p>Rechtsanw\u00e4ltin Ajami ist Mitglied der folgenden Rechtsanwaltskammer, die als Aufsichtsbeh\u00f6rde f\u00fcr sie zust\u00e4ndig ist:<\/p>\n<p>Frankfurt a.M.<br \/>Rechtsanwaltskammer f\u00fcr den Oberlandesgerichtsbezirk Frankfurt a. M.<br \/>Bockenheimer Anlage 36<br \/>60322 Frankfurt a. M.<br \/>Tel.: 069\/17009801<br \/>Fax: 069\/17009850<\/p>\n<p>Die Berufsbezeichnung\u00a0&#8222;Rechtsanw\u00e4ltin&#8220; wurde Rechtsanw\u00e4ltin Ajami aufgrund bundesdeutscher Rechtsnormen von dem\u00a0Justizministerium Hessen nach bestandener 2. juristischer Staatspr\u00fcfung und einem besonderem Zulassungsverfahren durch den Pr\u00e4sidenten des Oberlandesgerichts (s.o. oben unter Rechtsanwaltskammer) zuerkannt. Sie unterliegt den berufsrechtlichen Bestimmungen der Bundesrechtsanwaltsordnung vom 01.08.1959 (BGBl. I 565) (BRAO) und der Bundesrechtsanwaltsgeb\u00fchrenordnung vom 26.07.1957 (BGBl. I 907) (BRAGO) in den jeweils geltenden Fassungen sowie den Berufsordnungen der Bundesrechtsanwaltskammer vom 22.03.1996 (BRAK-Mitt. 1996, 241) (BORA 2001 und FAO) in den jeweils geltenden Fassungen. Ab dem 01.07.2004 wurde die Bundesrechtsanwaltsordnung (BRAGO) durch das Rechtsanwaltsverg\u00fctungsgesetz (RVG) in der geltenden Fassung vom 05.05.2004 (BGBl. S. 717, 788) ersetzt.<\/p>\n<p>USt-Id Nr. DE291557752<\/p>\n<!-- \/wp:list --><!-- wp:paragraph -->\n<p>Berufsrechtliche Regelungen:<\/p>\n<!-- \/wp:paragraph --><!-- wp:list -->\n<ul>\n<li>Bundesrechtsanwaltsordnung (BRAO)<\/li>\n<li>Berufsordnung f\u00fcr Rechtsanw\u00e4lte (BORA)<\/li>\n<li>Fachanwaltsordnungen der Bundesrechtsanwaltskammer (FAO)<\/li>\n<li>Gesetz \u00fcber die T\u00e4tigkeit europ\u00e4ischer Rechtsanw\u00e4lte in Deutschland (EuRAG)<\/li>\n<li>Berufsregeln der Rechtsanw\u00e4lte der Europ\u00e4ischen Union (CCBE)<\/li>\n<li>Gesetz \u00fcber die Verg\u00fctung von Rechtsanw\u00e4ltinnen und Rechtsanw\u00e4lten (RVG)<\/li>\n<\/ul>\n<!-- \/wp:list --><!-- wp:paragraph -->\n<p>Die vorgenannten und weitere anwendbare Vorschriften k\u00f6nnen Sie auf der Webseite der Bundesrechtsanwaltskammer unter\u00a0<a href=\"http:\/\/www.brak.de\/\" target=\"_blank\" rel=\"noreferrer noopener\">www.brak.de<\/a>\u00a0unter \u201eBerufsrecht\u201c finden und nachlesen.<\/p>\n<!-- \/wp:paragraph -->\t\t\t\t\t\t<\/div>\n\t\t\t\t<\/div>\n\t\t\t\t\t<\/div>\n\t\t<\/div>\n\t\t\t\t\t\t\t<\/div>\n\t\t<\/section>\n\t\t\t\t\t\t<\/div>\n\t\t\t\t\t<\/div>\n\t\t","protected":false},"excerpt":{"rendered":"<p>Impressum Angaben gem\u00e4\u00df \u00a7 5 TMG (Telemediengesetz) Diese Seiten sind erstellt worden von: Rechtsanw\u00e4ltin Suzan AjamiEschersheimer Landstra\u00dfe 60-6260322 Frankfurt am MainTel.: +49 (0) 69 &#8211; 247 439 990Fax.: +49 (0) 69 &#8211; 247 439 999 Die Berufsbezeichnung &#8222;Rechtsanw\u00e4ltin&#8220; wurde in Deutschland verliehen. Rechtsanw\u00e4ltin Ajami ist Mitglied der folgenden Rechtsanwaltskammer, die als Aufsichtsbeh\u00f6rde f\u00fcr sie zust\u00e4ndig &hellip;<\/p>\n<p class=\"read-more\"> <a class=\"\" href=\"http:\/\/suzanajami.com\/?page_id=99\"> <span class=\"screen-reader-text\">Impressum<\/span> Weiterlesen &raquo;<\/a><\/p>\n","protected":false},"author":1,"featured_media":0,"parent":0,"menu_order":0,"comment_status":"closed","ping_status":"closed","template":"elementor_canvas","meta":{"footnotes":""},"_links":{"self":[{"href":"http:\/\/suzanajami.com\/index.php?rest_route=\/wp\/v2\/pages\/99"}],"collection":[{"href":"http:\/\/suzanajami.com\/index.php?rest_route=\/wp\/v2\/pages"}],"about":[{"href":"http:\/\/suzanajami.com\/index.php?rest_route=\/wp\/v2\/types\/page"}],"author":[{"embeddable":true,"href":"http:\/\/suzanajami.com\/index.php?rest_route=\/wp\/v2\/users\/1"}],"replies":[{"embeddable":true,"href":"http:\/\/suzanajami.com\/index.php?rest_route=%2Fwp%2Fv2%2Fcomments&post=99"}],"version-history":[{"count":16,"href":"http:\/\/suzanajami.com\/index.php?rest_route=\/wp\/v2\/pages\/99\/revisions"}],"predecessor-version":[{"id":279,"href":"http:\/\/suzanajami.com\/index.php?rest_route=\/wp\/v2\/pages\/99\/revisions\/279"}],"wp:attachment":[{"href":"http:\/\/suzanajami.com\/index.php?rest_route=%2Fwp%2Fv2%2Fmedia&parent=99"}],"curies":[{"name":"wp","href":"https:\/\/api.w.org\/{rel}","templated":true}]}}